{"id":207,"date":"2019-10-28T11:43:40","date_gmt":"2019-10-28T14:43:40","guid":{"rendered":"https:\/\/elfederalmendoza.com\/?page_id=207"},"modified":"2022-05-06T14:22:57","modified_gmt":"2022-05-06T17:22:57","slug":"politica-de-privacidad","status":"publish","type":"page","link":"https:\/\/elfederalmendoza.com.ar\/index.php\/politica-de-privacidad\/","title":{"rendered":"Politica de privacidad"},"content":{"rendered":"<p>There are many reasons to use an escort in NYC. It will give you access to gorgeous and skilled models. Additionally, you&#8217;ll enjoy greater privacyand take more enjoyment free of the crowds. There are a few facts you need to know about these models. There are a variety of options according to the type of service you require and your preferences. Let&#8217;s take a look at some benefits to using an NYC an escort. If you are looking for an attractive Asian escort in NYC, you have found the perfect place. They are extremely hot, and you will want more. They can also be professionally dressed. They will amaze you with their beautiful body and will give you the impression of a million bucks! It&#8217;s a guarantee that you&#8217;ll be happy with what you choose. NYC Escorts is the most popular provider of escort service in the city of New York. The hottest girls appear at any moment at night or day and reach any location within the city in less than 30 minutes. There is also the option of either an incall or outcall service to ensure that you have an individual to speak to. Private escorts will protect you privacy and security of your relationships. While NYC escorts are expensive, it is possible to get a significant savings through a trusted company. An escort that is of high quality will ensure that you have a safe, secure and enjoyable night out. If you&#8217;re uncertain about the best option You can always ask your escort <a href=\"https:\/\/nycescortmodels.com\/\">escorts new york<\/a> for advice. Your needs and preferences can assist them in making the best choice.<\/p>\n<p><strong>POL\u00cdTICA DE PRIVACIDAD<\/strong><\/p>\n<p>&nbsp;<\/p>\n<p>El presente Pol\u00edtica de Privacidad establece los t\u00e9rminos en que El Federal Mendoza usa y protege la informaci\u00f3n que es proporcionada por sus usuarios al momento de utilizar su sitio web. Esta compa\u00f1\u00eda est\u00e1 comprometida con la seguridad de los datos de sus usuarios. Cuando le pedimos llenar los campos de informaci\u00f3n personal con la cual usted pueda ser identificado, lo hacemos asegurando que s\u00f3lo se emplear\u00e1 de acuerdo con los t\u00e9rminos de este documento. Sin embargo esta Pol\u00edtica de Privacidad puede cambiar con el tiempo o ser actualizada por lo que le recomendamos y enfatizamos revisar continuamente esta p\u00e1gina para asegurarse que est\u00e1 de acuerdo con dichos cambios.<\/p>\n<p><strong>Informaci\u00f3n que es recogida<\/strong><\/p>\n<p>Nuestro sitio web podr\u00e1 recoger informaci\u00f3n personal por ejemplo: Nombre,\u00a0 informaci\u00f3n de contacto como\u00a0 su direcci\u00f3n de correo electr\u00f3nica e informaci\u00f3n demogr\u00e1fica. As\u00ed mismo cuando sea necesario podr\u00e1 ser requerida informaci\u00f3n espec\u00edfica para procesar alg\u00fan pedido o realizar una entrega o facturaci\u00f3n.<\/p>\n<p><strong>Uso de la informaci\u00f3n recogida<\/strong><\/p>\n<p>Nuestro sitio web emplea la informaci\u00f3n con el fin de proporcionar el mejor servicio posible, particularmente para mantener un registro de usuarios, de pedidos en caso que aplique, y mejorar nuestros productos y servicios. \u00a0Es posible que sean enviados correos electr\u00f3nicos peri\u00f3dicamente a trav\u00e9s de nuestro sitio con ofertas especiales, nuevos productos y otra informaci\u00f3n publicitaria que consideremos relevante para usted o que pueda brindarle alg\u00fan beneficio, estos correos electr\u00f3nicos ser\u00e1n enviados a la direcci\u00f3n que usted proporcione y podr\u00e1n ser cancelados en cualquier momento.<\/p>\n<p>El Federal Mendoza est\u00e1 altamente comprometido para cumplir con el compromiso de mantener su informaci\u00f3n segura. Usamos los sistemas m\u00e1s avanzados y los actualizamos constantemente para asegurarnos que no exista ning\u00fan acceso no autorizado.<\/p>\n<p><strong>Cookies<\/strong><\/p>\n<p>Una cookie se refiere a un fichero que es enviado con la finalidad de solicitar permiso para almacenarse en su ordenador, al aceptar dicho fichero se crea y la cookie sirve entonces para tener informaci\u00f3n respecto al tr\u00e1fico web, y tambi\u00e9n facilita las futuras visitas a una web recurrente. Otra funci\u00f3n que tienen las cookies es que con ellas las web pueden reconocerte individualmente y por tanto brindarte el mejor servicio personalizado de su web.<\/p>\n<p>Nuestro sitio web emplea las cookies para poder identificar las p\u00e1ginas que son visitadas y su frecuencia. Esta informaci\u00f3n es empleada \u00fanicamente para an\u00e1lisis estad\u00edstico y despu\u00e9s la informaci\u00f3n se elimina de forma permanente. Usted puede eliminar las cookies en cualquier momento desde su ordenador. Sin embargo las cookies ayudan a proporcionar un mejor servicio de los sitios web, est\u00e1s no dan acceso a informaci\u00f3n de su ordenador ni de usted, a menos de que usted as\u00ed lo quiera y la proporcione directamente, <a href=\"https:\/\/recargalebara.es\/activar-movil-lebara\/\" target=\"_blank\" rel=\"noopener noreferrer\">visitas a una web <\/a>. Usted puede aceptar o negar el uso de cookies, sin embargo la mayor\u00eda de navegadores aceptan cookies autom\u00e1ticamente pues sirve para tener un mejor servicio web. Tambi\u00e9n usted puede cambiar la configuraci\u00f3n de su ordenador para declinar las cookies. Si se declinan es posible que no pueda utilizar algunos de nuestros servicios.<\/p>\n<p><strong>Enlaces a Terceros<\/strong><\/p>\n<p>Este sitio web pudiera contener en laces a otros sitios que pudieran ser de su inter\u00e9s. Una vez que usted de clic en estos enlaces y abandone nuestra p\u00e1gina, ya no tenemos control sobre al sitio al que es redirigido y por lo tanto no somos responsables de los t\u00e9rminos o privacidad ni de la protecci\u00f3n de sus datos en esos otros sitios terceros. Dichos sitios est\u00e1n sujetos a sus propias pol\u00edticas de privacidad por lo cual es recomendable que los consulte para confirmar que usted est\u00e1 de acuerdo con estas.<\/p>\n<p><strong>Control de su informaci\u00f3n personal<\/strong><\/p>\n<p>En cualquier momento usted puede restringir la recopilaci\u00f3n o el uso de la informaci\u00f3n personal que es proporcionada a nuestro sitio web.\u00a0 Cada vez que se le solicite rellenar un formulario, como el de alta de usuario, puede marcar o desmarcar la opci\u00f3n de recibir informaci\u00f3n por correo electr\u00f3nico. \u00a0En caso de que haya marcado la opci\u00f3n de recibir nuestro bolet\u00edn o publicidad usted puede cancelarla en cualquier momento.<\/p>\n<p>Esta compa\u00f1\u00eda no vender\u00e1, ceder\u00e1 ni distribuir\u00e1 la informaci\u00f3n personal que es recopilada sin su consentimiento, salvo que sea requerido por un juez con un orden judicial.<\/p>\n<p>El Federal Mendoza Se reserva el derecho de cambiar los t\u00e9rminos de la presente Pol\u00edtica de Privacidad en cualquier momento.<\/p>\n<p>&nbsp;<\/p>\n<p>An extravagant hotel, an enticing beachand endless entertainment services can leave people feeling bored and unsatisfied without a gorgeous escort. With the help of an agency that pays for companionship that you are able to find young, warm, and sexually talented model who will accompany on your journey through <a href=\"https:\/\/dubaiescortstate.com\/model\/cim-escorts\">escort dubai<\/a> Dubai. They are skilled at touch and are able to make you feel an eminent king or queen as you explore this beautiful city. BookRealEscorts has the most attractive Escorts you can get within Dubai. You can choose from American, Brazilian, Slavic and Indian Escorts, as well as blonde, ginger, and Asian-American beauty Escorts. There&#8217;s an escort for every kind of mood and sexual need. It is also possible to book an online escort using the directory if you&#8217;re not feeling like browsing through the many choices. In order to ensure you have a wonderful time, make reservations for your Dubai chauffeur prior to your trip. You will be treated to a great time with the women who reside in Downtown Dubai or Palm Jumeirah. A few of them are open to couples and adept at meeting the most complicated needs. The hot girls will brighten your the most memorable day. If you&#8217;re a guy looking to impress your lady, make an appointment for an Dubai escort and get the best treatment from a professional and a trusted acquaintance. If you&#8217;re in search of an escort within Dubai, BookRealEscorts is the best local directory. It has verified escorts who are available to make your Dubai trip memorable. These gorgeous escorts will heal any man&#8217;s aching body and soul. And they are able to ensure that he is completely satisfied. The escorts of BookRealEscorts are extremely knowledgeable on all areas of the sex industry and will make your day.<\/p>\n","protected":false},"excerpt":{"rendered":"<p>There are many reasons to use an escort in NYC. It will give you access to gorgeous and skilled models. Additionally, you&#8217;ll enjoy greater privacyand take more enjoyment free of the crowds. There are a few facts you need to know about these models. There are a variety of options according to the type of<a class=\"read-more\" href=\"https:\/\/elfederalmendoza.com.ar\/index.php\/politica-de-privacidad\/\"> [&hellip;]<\/a><\/p>\n","protected":false},"author":4,"featured_media":0,"parent":0,"menu_order":0,"comment_status":"closed","ping_status":"closed","template":"","meta":{"footnotes":""},"class_list":["post-207","page","type-page","status-publish","hentry"],"rttpg_featured_image_url":null,"rttpg_author":{"display_name":"admin","author_link":"https:\/\/elfederalmendoza.com.ar\/index.php\/author\/admin\/"},"rttpg_comment":0,"rttpg_category":null,"rttpg_excerpt":"There are many reasons to use an escort in NYC. It will give you access to gorgeous and skilled models. Additionally, you&#8217;ll enjoy greater privacyand take more enjoyment free of the crowds. There are a few facts you need to know about these models. There are a variety of options according to the type of&hellip;","_links":{"self":[{"href":"https:\/\/elfederalmendoza.com.ar\/index.php\/wp-json\/wp\/v2\/pages\/207","targetHints":{"allow":["GET"]}}],"collection":[{"href":"https:\/\/elfederalmendoza.com.ar\/index.php\/wp-json\/wp\/v2\/pages"}],"about":[{"href":"https:\/\/elfederalmendoza.com.ar\/index.php\/wp-json\/wp\/v2\/types\/page"}],"author":[{"embeddable":true,"href":"https:\/\/elfederalmendoza.com.ar\/index.php\/wp-json\/wp\/v2\/users\/4"}],"replies":[{"embeddable":true,"href":"https:\/\/elfederalmendoza.com.ar\/index.php\/wp-json\/wp\/v2\/comments?post=207"}],"version-history":[{"count":1,"href":"https:\/\/elfederalmendoza.com.ar\/index.php\/wp-json\/wp\/v2\/pages\/207\/revisions"}],"predecessor-version":[{"id":208,"href":"https:\/\/elfederalmendoza.com.ar\/index.php\/wp-json\/wp\/v2\/pages\/207\/revisions\/208"}],"wp:attachment":[{"href":"https:\/\/elfederalmendoza.com.ar\/index.php\/wp-json\/wp\/v2\/media?parent=207"}],"curies":[{"name":"wp","href":"https:\/\/api.w.org\/{rel}","templated":true}]}}